{"id":2954,"date":"2025-01-20T11:02:55","date_gmt":"2025-01-20T11:02:55","guid":{"rendered":"https:\/\/masurialakehouse.pl\/?page_id=2954"},"modified":"2025-07-03T17:51:51","modified_gmt":"2025-07-03T17:51:51","slug":"o-nas","status":"publish","type":"page","link":"https:\/\/masurialakehouse.pl\/en\/o-nas\/","title":{"rendered":"about us"},"content":{"rendered":"<div data-elementor-type=\"wp-page\" data-elementor-id=\"2954\" class=\"elementor elementor-2954\" data-elementor-post-type=\"page\">\n\t\t\t\t<div class=\"elementor-element elementor-element-1829ca14 e-flex e-con-boxed e-con e-parent\" data-id=\"1829ca14\" data-element_type=\"container\" data-settings=\"{&quot;background_background&quot;:&quot;classic&quot;}\">\n\t\t\t\t\t<div class=\"e-con-inner\">\n\t\t<div class=\"elementor-element elementor-element-5ed599c5 e-con-full e-flex e-con e-child\" data-id=\"5ed599c5\" data-element_type=\"container\">\n\t\t\t\t<div class=\"elementor-element elementor-element-29512ac3 elementor-widget elementor-widget-heading\" data-id=\"29512ac3\" data-element_type=\"widget\" data-widget_type=\"heading.default\">\n\t\t\t\t<div class=\"elementor-widget-container\">\n\t\t\t\t\t<h1 class=\"elementor-heading-title elementor-size-default\">About Us - <br>The hosts of Masuria Lakehouse<\/h1>\t\t\t\t<\/div>\n\t\t\t\t<\/div>\n\t\t\t\t<div class=\"elementor-element elementor-element-2b97a60e elementor-widget elementor-widget-text-editor\" data-id=\"2b97a60e\" data-element_type=\"widget\" data-widget_type=\"text-editor.default\">\n\t\t\t\t<div class=\"elementor-widget-container\">\n\t\t\t\t\t\t\t\t\t<p><span style=\"font-weight: 400;\">We are Ewa and Radek, and we are the hosts of this unique place.<\/span><\/p><p>We left behind the hustle and bustle of Warsaw life\u2014traffic jams, rush, and daily stress\u2014to permanently settle in this beautiful region that stole our hearts back in childhood.\u00a0<\/p>\t\t\t\t\t\t\t\t<\/div>\n\t\t\t\t<\/div>\n\t\t\t\t<div class=\"elementor-element elementor-element-431bcdf elementor-hidden-tablet elementor-hidden-mobile elementor-view-default elementor-invisible elementor-widget elementor-widget-icon\" data-id=\"431bcdf\" data-element_type=\"widget\" data-settings=\"{&quot;_animation&quot;:&quot;fadeInDown&quot;}\" data-widget_type=\"icon.default\">\n\t\t\t\t<div class=\"elementor-widget-container\">\n\t\t\t\t\t\t\t<div class=\"elementor-icon-wrapper\">\n\t\t\t<a class=\"elementor-icon\" href=\"#dalej\">\n\t\t\t<svg aria-hidden=\"true\" class=\"e-font-icon-svg e-fas-arrow-down\" viewbox=\"0 0 448 512\" xmlns=\"http:\/\/www.w3.org\/2000\/svg\"><path d=\"M413.1 222.5l22.2 22.2c9.4 9.4 9.4 24.6 0 33.9L241 473c-9.4 9.4-24.6 9.4-33.9 0L12.7 278.6c-9.4-9.4-9.4-24.6 0-33.9l22.2-22.2c9.5-9.5 25-9.3 34.3.4L184 343.4V56c0-13.3 10.7-24 24-24h32c13.3 0 24 10.7 24 24v287.4l114.8-120.5c9.3-9.8 24.8-10 34.3-.4z\"><\/path><\/svg>\t\t\t<\/a>\n\t\t<\/div>\n\t\t\t\t\t\t<\/div>\n\t\t\t\t<\/div>\n\t\t\t\t<\/div>\n\t\t<div class=\"elementor-element elementor-element-409d1c24 e-con-full e-flex e-con e-child\" data-id=\"409d1c24\" data-element_type=\"container\">\n\t\t\t\t<div class=\"elementor-element elementor-element-5f682b6c elementor-widget elementor-widget-image\" data-id=\"5f682b6c\" data-element_type=\"widget\" data-widget_type=\"image.default\">\n\t\t\t\t<div class=\"elementor-widget-container\">\n\t\t\t\t\t\t\t\t\t\t\t\t\t\t\t<img fetchpriority=\"high\" decoding=\"async\" width=\"1536\" height=\"2048\" src=\"https:\/\/masurialakehouse.pl\/wp-content\/uploads\/2025\/01\/5f618867-8e4e-4a12-a0ed-dc7ed5abee4c.jpeg\" class=\"attachment-full size-full wp-image-2958\" alt=\"\" srcset=\"https:\/\/masurialakehouse.pl\/wp-content\/uploads\/2025\/01\/5f618867-8e4e-4a12-a0ed-dc7ed5abee4c.jpeg 1536w, https:\/\/masurialakehouse.pl\/wp-content\/uploads\/2025\/01\/5f618867-8e4e-4a12-a0ed-dc7ed5abee4c-225x300.jpeg 225w, https:\/\/masurialakehouse.pl\/wp-content\/uploads\/2025\/01\/5f618867-8e4e-4a12-a0ed-dc7ed5abee4c-768x1024.jpeg 768w, https:\/\/masurialakehouse.pl\/wp-content\/uploads\/2025\/01\/5f618867-8e4e-4a12-a0ed-dc7ed5abee4c-1152x1536.jpeg 1152w, https:\/\/masurialakehouse.pl\/wp-content\/uploads\/2025\/01\/5f618867-8e4e-4a12-a0ed-dc7ed5abee4c-9x12.jpeg 9w\" sizes=\"(max-width: 1536px) 100vw, 1536px\" \/>\t\t\t\t\t\t\t\t\t\t\t\t\t\t\t<\/div>\n\t\t\t\t<\/div>\n\t\t\t\t<\/div>\n\t\t\t\t\t<\/div>\n\t\t\t\t<\/div>\n\t\t<div class=\"elementor-element elementor-element-e4dce2a e-flex e-con-boxed e-con e-parent\" data-id=\"e4dce2a\" data-element_type=\"container\" id=\"dalej\">\n\t\t\t\t\t<div class=\"e-con-inner\">\n\t\t<div class=\"elementor-element elementor-element-7fd84a9 e-con-full e-flex e-con e-child\" data-id=\"7fd84a9\" data-element_type=\"container\">\n\t\t\t\t<\/div>\n\t\t<div class=\"elementor-element elementor-element-ffb52d1 e-con-full e-flex e-con e-child\" data-id=\"ffb52d1\" data-element_type=\"container\">\n\t\t\t\t<div class=\"elementor-element elementor-element-a875754 elementor-widget elementor-widget-text-editor\" data-id=\"a875754\" data-element_type=\"widget\" data-widget_type=\"text-editor.default\">\n\t\t\t\t<div class=\"elementor-widget-container\">\n\t\t\t\t\t\t\t\t\t<p><span style=\"font-weight: 400;\">Our dream of living in Masuria came true last year when we arrived in La\u015bmiady to breathe new life into the old manor of the Majewski family.<\/span><\/p><p><span style=\"font-weight: 400;\">But that\u2019s not all. We are co-creating this place with Franek, the grandson of the Majewski family, who invited us into this magical space. We combined our resources and passions to create a project that allows guests to discover Masuria in a unique way\u2014blending history, art, and nature into one unforgettable experience.<\/span><\/p><p><span style=\"font-weight: 400;\">We would be happy to share many fascinating stories about this wonderful pair of Polish artists and their family home. This place is filled with memories, inspiration, and passion, which we are eager to share with anyone who chooses to spend their time here.<\/span><\/p>\t\t\t\t\t\t\t\t<\/div>\n\t\t\t\t<\/div>\n\t\t\t\t<\/div>\n\t\t<div class=\"elementor-element elementor-element-85b8757 e-con-full e-flex e-con e-child\" data-id=\"85b8757\" data-element_type=\"container\">\n\t\t\t\t<\/div>\n\t\t\t\t\t<\/div>\n\t\t\t\t<\/div>\n\t\t<div class=\"elementor-element elementor-element-5cb2bbe6 e-flex e-con-boxed e-con e-parent\" data-id=\"5cb2bbe6\" data-element_type=\"container\" data-settings=\"{&quot;background_background&quot;:&quot;classic&quot;}\">\n\t\t\t\t\t<div class=\"e-con-inner\">\n\t\t<div class=\"elementor-element elementor-element-6b7a0ecd e-con-full e-flex e-con e-child\" data-id=\"6b7a0ecd\" data-element_type=\"container\">\n\t\t<div class=\"elementor-element elementor-element-6d376698 e-con-full e-flex e-con e-child\" data-id=\"6d376698\" data-element_type=\"container\">\n\t\t\t\t<div class=\"elementor-element elementor-element-7e49428e elementor-widget elementor-widget-icon-box\" data-id=\"7e49428e\" data-element_type=\"widget\" data-widget_type=\"icon-box.default\">\n\t\t\t\t<div class=\"elementor-widget-container\">\n\t\t\t\t\t\t\t<div class=\"elementor-icon-box-wrapper\">\n\n\t\t\t\n\t\t\t\t\t\t<div class=\"elementor-icon-box-content\">\n\n\t\t\t\t\t\t\t\t\t<h3 class=\"elementor-icon-box-title\">\n\t\t\t\t\t\t<span  >\n\t\t\t\t\t\t\tEwa \u2013 the heart of the project\t\t\t\t\t\t<\/span>\n\t\t\t\t\t<\/h3>\n\t\t\t\t\n\t\t\t\t\t\t\t\t\t<p class=\"elementor-icon-box-description\">\n\t\t\t\t\t\tEwa is the soul and heart of our guesthouse. An osteopath, massage teacher, and hypnotherapist, she has a unique gift for restoring balance to the body, mind, and soul. With her holistic approach, you will regain harmony and relaxation in the peaceful atmosphere she creates in our guesthouse.\t\t\t\t\t<\/p>\n\t\t\t\t\n\t\t\t<\/div>\n\t\t\t\n\t\t<\/div>\n\t\t\t\t\t\t<\/div>\n\t\t\t\t<\/div>\n\t\t<div class=\"elementor-element elementor-element-5d57af7a e-con-full e-flex e-con e-child\" data-id=\"5d57af7a\" data-element_type=\"container\">\n\t\t\t\t<div class=\"elementor-element elementor-element-63247009 elementor-align-left elementor-mobile-align-center elementor-widget elementor-widget-button\" data-id=\"63247009\" data-element_type=\"widget\" data-widget_type=\"button.default\">\n\t\t\t\t<div class=\"elementor-widget-container\">\n\t\t\t\t\t\t\t\t\t<div class=\"elementor-button-wrapper\">\n\t\t\t\t\t<a class=\"elementor-button elementor-button-link elementor-size-sm elementor-animation-grow\" href=\"https:\/\/masurialakehouse.pl\/en\/terapia\/\">\n\t\t\t\t\t\t<span class=\"elementor-button-content-wrapper\">\n\t\t\t\t\t\t\t\t\t<span class=\"elementor-button-text\">Ewa's offer<\/span>\n\t\t\t\t\t<\/span>\n\t\t\t\t\t<\/a>\n\t\t\t\t<\/div>\n\t\t\t\t\t\t\t\t<\/div>\n\t\t\t\t<\/div>\n\t\t\t\t<\/div>\n\t\t\t\t<\/div>\n\t\t<div class=\"elementor-element elementor-element-17f292f8 e-con-full e-flex e-con e-child\" data-id=\"17f292f8\" data-element_type=\"container\" data-settings=\"{&quot;background_background&quot;:&quot;classic&quot;}\">\n\t\t\t\t<\/div>\n\t\t\t\t<\/div>\n\t\t<div class=\"elementor-element elementor-element-39f5ad9b e-con-full e-flex e-con e-child\" data-id=\"39f5ad9b\" data-element_type=\"container\">\n\t\t<div class=\"elementor-element elementor-element-1adfce5b e-con-full e-flex e-con e-child\" data-id=\"1adfce5b\" data-element_type=\"container\" data-settings=\"{&quot;background_background&quot;:&quot;classic&quot;}\">\n\t\t\t\t<\/div>\n\t\t<div class=\"elementor-element elementor-element-5a06dd50 e-con-full e-flex e-con e-child\" data-id=\"5a06dd50\" data-element_type=\"container\">\n\t\t\t\t<div class=\"elementor-element elementor-element-bac2742 elementor-widget elementor-widget-icon-box\" data-id=\"bac2742\" data-element_type=\"widget\" data-widget_type=\"icon-box.default\">\n\t\t\t\t<div class=\"elementor-widget-container\">\n\t\t\t\t\t\t\t<div class=\"elementor-icon-box-wrapper\">\n\n\t\t\t\n\t\t\t\t\t\t<div class=\"elementor-icon-box-content\">\n\n\t\t\t\t\t\t\t\t\t<h3 class=\"elementor-icon-box-title\">\n\t\t\t\t\t\t<span  >\n\t\t\t\t\t\t\tRadek \u2013 the guest caretaker\t\t\t\t\t\t<\/span>\n\t\t\t\t\t<\/h3>\n\t\t\t\t\n\t\t\t\t\t\t\t\t\t<p class=\"elementor-icon-box-description\">\n\t\t\t\t\t\tRadek is the \u201coperational brain\u201d of the guesthouse, managing the property, overseeing details, and ensuring guest comfort. He is responsible for meals, organization, and logistics, as well as serving as an invaluable guide to the charms of Masuria.\t\t\t\t\t<\/p>\n\t\t\t\t\n\t\t\t<\/div>\n\t\t\t\n\t\t<\/div>\n\t\t\t\t\t\t<\/div>\n\t\t\t\t<\/div>\n\t\t<div class=\"elementor-element elementor-element-2f11f2bf e-con-full e-flex e-con e-child\" data-id=\"2f11f2bf\" data-element_type=\"container\">\n\t\t\t\t<\/div>\n\t\t\t\t<\/div>\n\t\t\t\t<\/div>\n\t\t\t\t\t<\/div>\n\t\t\t\t<\/div>\n\t\t<div class=\"elementor-element elementor-element-4f6de81 e-flex e-con-boxed e-con e-parent\" data-id=\"4f6de81\" data-element_type=\"container\">\n\t\t\t\t\t<div class=\"e-con-inner\">\n\t\t<div class=\"elementor-element elementor-element-2fb7f73 e-con-full e-flex e-con e-child\" data-id=\"2fb7f73\" data-element_type=\"container\">\n\t\t\t\t<\/div>\n\t\t<div class=\"elementor-element elementor-element-de91e57 e-con-full e-flex e-con e-child\" data-id=\"de91e57\" data-element_type=\"container\">\n\t\t\t\t<div class=\"elementor-element elementor-element-9bef68d elementor-widget elementor-widget-text-editor\" data-id=\"9bef68d\" data-element_type=\"widget\" data-widget_type=\"text-editor.default\">\n\t\t\t\t<div class=\"elementor-widget-container\">\n\t\t\t\t\t\t\t\t\t<h2><span style=\"font-weight: 400;\">Frank \u2013 the project manager<\/span><\/h2><p><span style=\"font-weight: 400;\">Frank is a young, energetic entrepreneur who oversees the entire project from an organizational and business perspective. By combining his love for his grandparents\u2019 family home with his management skills, he ensures that our vision becomes a reality.\u00a0<\/span><\/p>\t\t\t\t\t\t\t\t<\/div>\n\t\t\t\t<\/div>\n\t\t\t\t<\/div>\n\t\t<div class=\"elementor-element elementor-element-4099c60 e-con-full e-flex e-con e-child\" data-id=\"4099c60\" data-element_type=\"container\">\n\t\t\t\t<\/div>\n\t\t\t\t\t<\/div>\n\t\t\t\t<\/div>\n\t\t<div class=\"elementor-element elementor-element-4e009a1 e-flex e-con-boxed e-con e-parent\" data-id=\"4e009a1\" data-element_type=\"container\" data-settings=\"{&quot;background_background&quot;:&quot;classic&quot;}\">\n\t\t\t\t\t<div class=\"e-con-inner\">\n\t\t<div class=\"elementor-element elementor-element-5cdb5ed e-con-full e-flex e-con e-child\" data-id=\"5cdb5ed\" data-element_type=\"container\">\n\t\t\t\t<div class=\"elementor-element elementor-element-0c21b03 elementor-widget elementor-widget-image\" data-id=\"0c21b03\" data-element_type=\"widget\" data-widget_type=\"image.default\">\n\t\t\t\t<div class=\"elementor-widget-container\">\n\t\t\t\t\t\t\t\t\t\t\t\t\t\t\t<img decoding=\"async\" width=\"576\" height=\"1024\" src=\"https:\/\/masurialakehouse.pl\/wp-content\/uploads\/2025\/01\/cedec6a9-f21b-4245-b015-cf565c912d31-576x1024.jpeg\" class=\"attachment-large size-large wp-image-2961\" alt=\"\" srcset=\"https:\/\/masurialakehouse.pl\/wp-content\/uploads\/2025\/01\/cedec6a9-f21b-4245-b015-cf565c912d31-576x1024.jpeg 576w, https:\/\/masurialakehouse.pl\/wp-content\/uploads\/2025\/01\/cedec6a9-f21b-4245-b015-cf565c912d31-169x300.jpeg 169w, https:\/\/masurialakehouse.pl\/wp-content\/uploads\/2025\/01\/cedec6a9-f21b-4245-b015-cf565c912d31-768x1365.jpeg 768w, https:\/\/masurialakehouse.pl\/wp-content\/uploads\/2025\/01\/cedec6a9-f21b-4245-b015-cf565c912d31-864x1536.jpeg 864w, https:\/\/masurialakehouse.pl\/wp-content\/uploads\/2025\/01\/cedec6a9-f21b-4245-b015-cf565c912d31-7x12.jpeg 7w, https:\/\/masurialakehouse.pl\/wp-content\/uploads\/2025\/01\/cedec6a9-f21b-4245-b015-cf565c912d31.jpeg 1152w\" sizes=\"(max-width: 576px) 100vw, 576px\" \/>\t\t\t\t\t\t\t\t\t\t\t\t\t\t\t<\/div>\n\t\t\t\t<\/div>\n\t\t\t\t<\/div>\n\t\t<div class=\"elementor-element elementor-element-55faf20 e-con-full e-flex e-con e-child\" data-id=\"55faf20\" data-element_type=\"container\">\n\t\t\t\t<div class=\"elementor-element elementor-element-71ffca5 elementor-widget elementor-widget-heading\" data-id=\"71ffca5\" data-element_type=\"widget\" data-widget_type=\"heading.default\">\n\t\t\t\t<div class=\"elementor-widget-container\">\n\t\t\t\t\t<h2 class=\"elementor-heading-title elementor-size-default\">Our family<\/h2>\t\t\t\t<\/div>\n\t\t\t\t<\/div>\n\t\t\t\t<div class=\"elementor-element elementor-element-33d0d22 elementor-widget elementor-widget-text-editor\" data-id=\"33d0d22\" data-element_type=\"widget\" data-widget_type=\"text-editor.default\">\n\t\t\t\t<div class=\"elementor-widget-container\">\n\t\t\t\t\t\t\t\t\t<p dir=\"ltr\">Our guesthouse was created with guests in mind who seek peace, relaxation and an intimate atmosphere. That is why we have introduced rules that support this character of the place:<\/p><p dir=\"ltr\">\u00a0<img decoding=\"async\" src=\"https:\/\/lh7-rt.googleusercontent.com\/docsz\/AD_4nXfpzxjYEDNRR2UvR9MiIb1bSeLegJMk8whO2fMK2AJdwYeBB72skVo5T9_VoHbI7ZN8ljEwPujFZtihLM0sdLB2RvHENyDJOMn4DDxvVf6TjlPYOAWtenzwKWYaxfrSADqTk4ae?key=t2yulRXJV6qSeiKIr0fmxw\" alt=\"\ud83d\udef6\" width=\"16\" height=\"16\" \/> Glamping \u2013 we welcome guests from 14 years of age. The glamping hill is covered by a silence zone, so that everyone can fully immerse themselves in nature and relax in harmony. The sandy beach at the glamping is intended for adult guests.<\/p><p dir=\"ltr\">\u00a0<img loading=\"lazy\" decoding=\"async\" src=\"https:\/\/lh7-rt.googleusercontent.com\/docsz\/AD_4nXcezg0PVrSde1T_qTL2BcZU8bvvyR0eNWd2I1Nuj-rxH2Ig5QNOLX5-jFD-_DAVtyBT9PWoCEuL7GW0zKCXpwsxDb3UA4_vjMbA2nz9gKuVFoGHEbJAwnkAApoRgMmMDGPxceSG?key=t2yulRXJV6qSeiKIr0fmxw\" alt=\"\ud83c\udfe1\" width=\"16\" height=\"16\" \/> Pensjonat \u2013 przyjmujemy rodziny z dzie\u0107mi od 10. roku \u017cycia, zapewniaj\u0105c komfort zar\u00f3wno doros\u0142ym, jak i m\u0142odszym go\u015bciom. Ze wzgl\u0119du na kameralny charakter naszego miejsca i ograniczon\u0105 liczb\u0119 miejsc noclegowych, dzieci (od 8. roku \u017cycia) liczone s\u0105 jak osoby doros\u0142e \u2013 zar\u00f3wno przy rezerwacji, jak i w kosztach pobytu.\u00a0<\/p><p dir=\"ltr\">At the same time, we want to emphasize that the atmosphere of hospitality in Lasmiady is co-created not only by us \u2013 the hosts \u2013 but also by our children, Gosia and Julianka, who grow up in this peaceful environment. We trust that our guests, choosing this place for their vacation, understand the presence of our children as a natural element of a homely, friendly space.\u00a0<\/p><p dir=\"ltr\">In winter, the Manor is full of warmth \u2013 we invite both adults and children to stays and events full of light, mindfulness and family joy. We organize the La\u015bmiadzkie Halo\u0142in, St. Andrew's Day, easy-going holidays \u2013 both Christmas and Easter, New Year's Eve without fireworks, Holidays in La\u015bmiady and Sauna with Winter Swimming.<\/p><p dir=\"ltr\">\u00a0\u2e3b\u00a0<\/p><p dir=\"ltr\">Summer season: May - end of September\u00a0<\/p><p dir=\"ltr\">Winter season: October - end of April\u00a0<\/p>\t\t\t\t\t\t\t\t<\/div>\n\t\t\t\t<\/div>\n\t\t\t\t<\/div>\n\t\t\t\t\t<\/div>\n\t\t\t\t<\/div>\n\t\t<div class=\"elementor-element elementor-element-3a1c7747 e-flex e-con-boxed e-con e-parent\" data-id=\"3a1c7747\" data-element_type=\"container\" data-settings=\"{&quot;background_background&quot;:&quot;classic&quot;}\">\n\t\t\t\t\t<div class=\"e-con-inner\">\n\t\t<div class=\"elementor-element elementor-element-1bac8b8d e-con-full e-flex e-con e-child\" data-id=\"1bac8b8d\" data-element_type=\"container\">\n\t\t\t\t<div class=\"elementor-element elementor-element-4566e2f1 elementor-widget elementor-widget-heading\" data-id=\"4566e2f1\" data-element_type=\"widget\" data-widget_type=\"heading.default\">\n\t\t\t\t<div class=\"elementor-widget-container\">\n\t\t\t\t\t<h2 class=\"elementor-heading-title elementor-size-default\">Our dogs \u2013 German Shepherds<\/h2>\t\t\t\t<\/div>\n\t\t\t\t<\/div>\n\t\t\t\t<div class=\"elementor-element elementor-element-55b51ea elementor-widget elementor-widget-text-editor\" data-id=\"55b51ea\" data-element_type=\"widget\" data-widget_type=\"text-editor.default\">\n\t\t\t\t<div class=\"elementor-widget-container\">\n\t\t\t\t\t\t\t\t\t<p><strong>Meet Rex and Wolf<\/strong> \u2013 our guard dogs, who watch over the peace and safety of the entire property. This is their home \u2013 they are at home here. Raised in Masuria and, as befits Masurian boys, they love swimming in the lake. Both are large, strong and territorial shepherd dogs, who on the one hand are extremely friendly, cuddly and sociable, and on the other \u2013 they guard their territory with devotion and instinct typical of their breed. <br \/><br \/>They love to run, play and make contact with people \u2013 especially those who reciprocate their energy. Remember, however, that their games can be lively! Be careful when throwing sticks or toys \u2013 due to their momentum, they may grab the wrong place (e.g. a hand instead of a stick). Therefore, contact and play are at your own risk.<\/p>\t\t\t\t\t\t\t\t<\/div>\n\t\t\t\t<\/div>\n\t\t\t\t<div class=\"elementor-element elementor-element-7d12a29a elementor-widget elementor-widget-image\" data-id=\"7d12a29a\" data-element_type=\"widget\" data-widget_type=\"image.default\">\n\t\t\t\t<div class=\"elementor-widget-container\">\n\t\t\t\t\t\t\t\t\t\t\t\t\t\t\t<img loading=\"lazy\" decoding=\"async\" width=\"505\" height=\"427\" src=\"https:\/\/masurialakehouse.pl\/wp-content\/uploads\/2025\/01\/Pies-2.png\" class=\"attachment-large size-large wp-image-3198\" alt=\"Masuria Lakehouse Wypoczynek na Mazurach\" srcset=\"https:\/\/masurialakehouse.pl\/wp-content\/uploads\/2025\/01\/Pies-2.png 505w, https:\/\/masurialakehouse.pl\/wp-content\/uploads\/2025\/01\/Pies-2-300x254.png 300w, https:\/\/masurialakehouse.pl\/wp-content\/uploads\/2025\/01\/Pies-2-14x12.png 14w\" sizes=\"(max-width: 505px) 100vw, 505px\" \/>\t\t\t\t\t\t\t\t\t\t\t\t\t\t\t<\/div>\n\t\t\t\t<\/div>\n\t\t\t\t<\/div>\n\t\t<div class=\"elementor-element elementor-element-1faf4510 e-con-full e-flex e-con e-child\" data-id=\"1faf4510\" data-element_type=\"container\" data-settings=\"{&quot;background_background&quot;:&quot;classic&quot;}\">\n\t\t\t\t<\/div>\n\t\t\t\t\t<\/div>\n\t\t\t\t<\/div>\n\t\t<div class=\"elementor-element elementor-element-683b9d5 e-flex e-con-boxed e-con e-parent\" data-id=\"683b9d5\" data-element_type=\"container\" data-settings=\"{&quot;background_background&quot;:&quot;classic&quot;}\">\n\t\t\t\t\t<div class=\"e-con-inner\">\n\t\t\t\t<div class=\"elementor-element elementor-element-419d8512 elementor-widget elementor-widget-heading\" data-id=\"419d8512\" data-element_type=\"widget\" data-widget_type=\"heading.default\">\n\t\t\t\t<div class=\"elementor-widget-container\">\n\t\t\t\t\t<h3 class=\"elementor-heading-title elementor-size-default\">You are warmly welcome!<\/h3>\t\t\t\t<\/div>\n\t\t\t\t<\/div>\n\t\t\t\t<div class=\"elementor-element elementor-element-78960217 elementor-widget elementor-widget-text-editor\" data-id=\"78960217\" data-element_type=\"widget\" data-widget_type=\"text-editor.default\">\n\t\t\t\t<div class=\"elementor-widget-container\">\n\t\t\t\t\t\t\t\t\t<p>Together with our family, dogs, and nature, we look forward to welcoming you and will do our utmost to make your stay with us unforgettable and filled with warmth.<\/p>\t\t\t\t\t\t\t\t<\/div>\n\t\t\t\t<\/div>\n\t\t\t\t<div class=\"elementor-element elementor-element-5e94a2d5 elementor-align-center elementor-mobile-align-center elementor-widget elementor-widget-button\" data-id=\"5e94a2d5\" data-element_type=\"widget\" data-widget_type=\"button.default\">\n\t\t\t\t<div class=\"elementor-widget-container\">\n\t\t\t\t\t\t\t\t\t<div class=\"elementor-button-wrapper\">\n\t\t\t\t\t<a class=\"elementor-button elementor-button-link elementor-size-sm elementor-animation-shrink\" href=\"https:\/\/masurialakehouse.pl\/en\/booking\/\">\n\t\t\t\t\t\t<span class=\"elementor-button-content-wrapper\">\n\t\t\t\t\t\t\t\t\t<span class=\"elementor-button-text\">Booking &gt;&gt;<\/span>\n\t\t\t\t\t<\/span>\n\t\t\t\t\t<\/a>\n\t\t\t\t<\/div>\n\t\t\t\t\t\t\t\t<\/div>\n\t\t\t\t<\/div>\n\t\t\t\t\t<\/div>\n\t\t\t\t<\/div>\n\t\t\t\t<\/div>","protected":false},"excerpt":{"rendered":"<p>O Nas &#8211; gospodarze Masuria Lakehouse Nazywamy si\u0119 Ewa i Radek, i jeste\u015bmy gospodarzami tego wyj\u0105tkowego miejsca. Zostawili\u015bmy za sob\u0105 zgie\u0142k warszawskiego \u017cycia \u2013 korki, p\u0119d i codzienny stres \u2013 [&hellip;]<\/p>","protected":false},"author":2,"featured_media":0,"parent":0,"menu_order":0,"comment_status":"closed","ping_status":"closed","template":"","meta":{"site-sidebar-layout":"no-sidebar","site-content-layout":"","ast-site-content-layout":"full-width-container","site-content-style":"default","site-sidebar-style":"default","ast-global-header-display":"","ast-banner-title-visibility":"","ast-main-header-display":"","ast-hfb-above-header-display":"","ast-hfb-below-header-display":"","ast-hfb-mobile-header-display":"","site-post-title":"disabled","ast-breadcrumbs-content":"","ast-featured-img":"disabled","footer-sml-layout":"","ast-disable-related-posts":"","theme-transparent-header-meta":"","adv-header-id-meta":"","stick-header-meta":"","header-above-stick-meta":"","header-main-stick-meta":"","header-below-stick-meta":"","astra-migrate-meta-layouts":"default","ast-page-background-enabled":"default","ast-page-background-meta":{"desktop":{"background-color":"var(--ast-global-color-4)","background-image":"","background-repeat":"repeat","background-position":"center center","background-size":"auto","background-attachment":"scroll","background-type":"","background-media":"","overlay-type":"","overlay-color":"","overlay-opacity":"","overlay-gradient":""},"tablet":{"background-color":"","background-image":"","background-repeat":"repeat","background-position":"center center","background-size":"auto","background-attachment":"scroll","background-type":"","background-media":"","overlay-type":"","overlay-color":"","overlay-opacity":"","overlay-gradient":""},"mobile":{"background-color":"","background-image":"","background-repeat":"repeat","background-position":"center center","background-size":"auto","background-attachment":"scroll","background-type":"","background-media":"","overlay-type":"","overlay-color":"","overlay-opacity":"","overlay-gradient":""}},"ast-content-background-meta":{"desktop":{"background-color":"var(--ast-global-color-5)","background-image":"","background-repeat":"repeat","background-position":"center center","background-size":"auto","background-attachment":"scroll","background-type":"","background-media":"","overlay-type":"","overlay-color":"","overlay-opacity":"","overlay-gradient":""},"tablet":{"background-color":"var(--ast-global-color-5)","background-image":"","background-repeat":"repeat","background-position":"center center","background-size":"auto","background-attachment":"scroll","background-type":"","background-media":"","overlay-type":"","overlay-color":"","overlay-opacity":"","overlay-gradient":""},"mobile":{"background-color":"var(--ast-global-color-5)","background-image":"","background-repeat":"repeat","background-position":"center center","background-size":"auto","background-attachment":"scroll","background-type":"","background-media":"","overlay-type":"","overlay-color":"","overlay-opacity":"","overlay-gradient":""}},"footnotes":""},"class_list":["post-2954","page","type-page","status-publish","hentry"],"_links":{"self":[{"href":"https:\/\/masurialakehouse.pl\/en\/wp-json\/wp\/v2\/pages\/2954","targetHints":{"allow":["GET"]}}],"collection":[{"href":"https:\/\/masurialakehouse.pl\/en\/wp-json\/wp\/v2\/pages"}],"about":[{"href":"https:\/\/masurialakehouse.pl\/en\/wp-json\/wp\/v2\/types\/page"}],"author":[{"embeddable":true,"href":"https:\/\/masurialakehouse.pl\/en\/wp-json\/wp\/v2\/users\/2"}],"replies":[{"embeddable":true,"href":"https:\/\/masurialakehouse.pl\/en\/wp-json\/wp\/v2\/comments?post=2954"}],"version-history":[{"count":265,"href":"https:\/\/masurialakehouse.pl\/en\/wp-json\/wp\/v2\/pages\/2954\/revisions"}],"predecessor-version":[{"id":3372,"href":"https:\/\/masurialakehouse.pl\/en\/wp-json\/wp\/v2\/pages\/2954\/revisions\/3372"}],"wp:attachment":[{"href":"https:\/\/masurialakehouse.pl\/en\/wp-json\/wp\/v2\/media?parent=2954"}],"curies":[{"name":"wp","href":"https:\/\/api.w.org\/{rel}","templated":true}]}}